{"id":209,"date":"2024-12-16T14:29:51","date_gmt":"2024-12-16T13:29:51","guid":{"rendered":"https:\/\/univers-roubaix.fr\/?page_id=209"},"modified":"2026-03-05T20:09:55","modified_gmt":"2026-03-05T19:09:55","slug":"emploi","status":"publish","type":"page","link":"https:\/\/univers-roubaix.fr\/index.php\/emploi\/","title":{"rendered":"Emploi"},"content":{"rendered":"\t\t<div data-elementor-type=\"wp-page\" data-elementor-id=\"209\" class=\"elementor elementor-209\">\n\t\t\t\t<div class=\"elementor-element elementor-element-15d9e0e e-flex e-con-boxed e-con e-parent\" data-id=\"15d9e0e\" data-element_type=\"container\">\n\t\t\t\t\t<div class=\"e-con-inner\">\n\t\t<div class=\"elementor-element elementor-element-1f647ad e-con-full e-flex e-con e-child\" data-id=\"1f647ad\" data-element_type=\"container\">\n\t\t\t\t<div class=\"elementor-element elementor-element-f8b5103 elementor-widget elementor-widget-image\" data-id=\"f8b5103\" data-element_type=\"widget\" data-widget_type=\"image.default\">\n\t\t\t\t<div class=\"elementor-widget-container\">\n\t\t\t\t\t\t\t\t\t\t\t\t\t\t\t<img decoding=\"async\" width=\"300\" height=\"150\" src=\"https:\/\/univers-roubaix.fr\/wp-content\/uploads\/2026\/03\/Noir-et-Blanc-Minimaliste-Immobilier-Professionnel-E-mail-Signature-5-300x150.png\" class=\"attachment-medium size-medium wp-image-330\" alt=\"\" srcset=\"https:\/\/univers-roubaix.fr\/wp-content\/uploads\/2026\/03\/Noir-et-Blanc-Minimaliste-Immobilier-Professionnel-E-mail-Signature-5-300x150.png 300w, https:\/\/univers-roubaix.fr\/wp-content\/uploads\/2026\/03\/Noir-et-Blanc-Minimaliste-Immobilier-Professionnel-E-mail-Signature-5.png 400w\" sizes=\"(max-width: 300px) 100vw, 300px\" \/>\t\t\t\t\t\t\t\t\t\t\t\t\t\t\t<\/div>\n\t\t\t\t<\/div>\n\t\t\t\t<\/div>\n\t\t<div class=\"elementor-element elementor-element-237ce24 e-con-full e-flex e-con e-child\" data-id=\"237ce24\" data-element_type=\"container\">\n\t\t\t\t<div class=\"elementor-element elementor-element-f6296e7 elementor-widget elementor-widget-image\" data-id=\"f6296e7\" data-element_type=\"widget\" data-widget_type=\"image.default\">\n\t\t\t\t<div class=\"elementor-widget-container\">\n\t\t\t\t\t\t\t\t\t\t\t\t\t\t\t<img decoding=\"async\" width=\"300\" height=\"150\" src=\"https:\/\/univers-roubaix.fr\/wp-content\/uploads\/2026\/03\/Noir-et-Blanc-Minimaliste-Immobilier-Professionnel-E-mail-Signature-4-300x150.png\" class=\"attachment-medium size-medium wp-image-329\" alt=\"\" srcset=\"https:\/\/univers-roubaix.fr\/wp-content\/uploads\/2026\/03\/Noir-et-Blanc-Minimaliste-Immobilier-Professionnel-E-mail-Signature-4-300x150.png 300w, https:\/\/univers-roubaix.fr\/wp-content\/uploads\/2026\/03\/Noir-et-Blanc-Minimaliste-Immobilier-Professionnel-E-mail-Signature-4.png 400w\" sizes=\"(max-width: 300px) 100vw, 300px\" \/>\t\t\t\t\t\t\t\t\t\t\t\t\t\t\t<\/div>\n\t\t\t\t<\/div>\n\t\t\t\t<\/div>\n\t\t<div class=\"elementor-element elementor-element-06c1cc0 e-con-full e-flex e-con e-child\" data-id=\"06c1cc0\" data-element_type=\"container\">\n\t\t\t\t<div class=\"elementor-element elementor-element-f4e59bb elementor-widget elementor-widget-text-editor\" data-id=\"f4e59bb\" data-element_type=\"widget\" data-widget_type=\"text-editor.default\">\n\t\t\t\t<div class=\"elementor-widget-container\">\n\t\t\t\t\t\t\t\t\t<p class=\"cvGsUA direction-ltr align-center para-style-body\" style=\"color: rgba(0,0,0,var(--o42jjq,1)); caret-color: #000000; --8sd0kg: none; font-family: YAFdJt8dAY0_0, _fb_, auto; --cyv3zq: 8px; --gjplxq: 1.4; --s8nbea: p; line-height: 11px;\"><span class=\"a_GcMg font-feature-liga-off font-feature-clig-off font-feature-calt-off text-decoration-none text-strikethrough-none\" style=\"color: rgba(0,0,0,var(--o42jjq,1)); --ys-xuq: none; font-weight: 400; font-style: normal; font-kerning: normal;\">L\u2019association L\u2019Univers participe, au sein d\u2019un consortium d\u2019acteurs de l\u2019insertion port\u00e9 par la F\u00e9d\u00e9ration des Centres d\u2019Insertion, au dispositif R\u00e9seau Insertion Intensive (R2I). Cette action s\u2019inscrit dans la mise en \u0153uvre de la loi pour le plein emploi du 18 d\u00e9cembre 2023, qui vise \u00e0 renforcer l\u2019accompagnement des allocataires du RSA et \u00e0 favoriser leur retour durable \u00e0 l\u2019emploi.<\/span><\/p><p class=\"cvGsUA direction-ltr align-center para-style-body\" style=\"color: rgba(0,0,0,var(--o42jjq,1)); caret-color: #000000; --8sd0kg: none; font-family: YAFdJt8dAY0_0, _fb_, auto; --cyv3zq: 8px; --gjplxq: 1.4; --s8nbea: p; line-height: 11px;\"><span class=\"a_GcMg font-feature-liga-off font-feature-clig-off font-feature-calt-off text-decoration-none text-strikethrough-none\" style=\"color: rgba(0,0,0,var(--o42jjq,1)); --ys-xuq: none; font-weight: 400; font-style: normal; font-kerning: normal;\">Dans ce cadre, les structures partenaires du consortium unissent leurs comp\u00e9tences pour proposer aux personnes accompagn\u00e9es un parcours renforc\u00e9, adapt\u00e9 \u00e0 leur situation et favorisant leur insertion professionnelle durable.<\/span><\/p>\t\t\t\t\t\t\t\t<\/div>\n\t\t\t\t<\/div>\n\t\t\t\t<\/div>\n\t\t\t\t\t<\/div>\n\t\t\t\t<\/div>\n\t\t<div class=\"elementor-element elementor-element-ebb51f1 e-flex e-con-boxed e-con e-parent\" data-id=\"ebb51f1\" data-element_type=\"container\">\n\t\t\t\t\t<div class=\"e-con-inner\">\n\t\t\t\t\t<\/div>\n\t\t\t\t<\/div>\n\t\t<div class=\"elementor-element elementor-element-ae4ac2d e-flex e-con-boxed e-con e-parent\" data-id=\"ae4ac2d\" data-element_type=\"container\">\n\t\t\t\t\t<div class=\"e-con-inner\">\n\t\t\t\t\t<\/div>\n\t\t\t\t<\/div>\n\t\t\t\t<\/div>\n\t\t","protected":false},"excerpt":{"rendered":"<p>L\u2019association L\u2019Univers participe, au sein d\u2019un consortium d\u2019acteurs de l\u2019insertion port\u00e9 par la F\u00e9d\u00e9ration des Centres d\u2019Insertion, au dispositif R\u00e9seau Insertion Intensive (R2I). Cette action s\u2019inscrit dans la mise en \u0153uvre de la loi pour le plein emploi du 18 d\u00e9cembre 2023, qui vise \u00e0 renforcer l\u2019accompagnement des allocataires du RSA et \u00e0 favoriser leur [&hellip;]<\/p>\n","protected":false},"author":1,"featured_media":0,"parent":0,"menu_order":0,"comment_status":"closed","ping_status":"closed","template":"","meta":{"ocean_post_layout":"","ocean_both_sidebars_style":"","ocean_both_sidebars_content_width":0,"ocean_both_sidebars_sidebars_width":0,"ocean_sidebar":"","ocean_second_sidebar":"","ocean_disable_margins":"enable","ocean_add_body_class":"","ocean_shortcode_before_top_bar":"","ocean_shortcode_after_top_bar":"","ocean_shortcode_before_header":"","ocean_shortcode_after_header":"","ocean_has_shortcode":"","ocean_shortcode_after_title":"","ocean_shortcode_before_footer_widgets":"","ocean_shortcode_after_footer_widgets":"","ocean_shortcode_before_footer_bottom":"","ocean_shortcode_after_footer_bottom":"","ocean_display_top_bar":"default","ocean_display_header":"default","ocean_header_style":"","ocean_center_header_left_menu":"","ocean_custom_header_template":"","ocean_custom_logo":0,"ocean_custom_retina_logo":0,"ocean_custom_logo_max_width":0,"ocean_custom_logo_tablet_max_width":0,"ocean_custom_logo_mobile_max_width":0,"ocean_custom_logo_max_height":0,"ocean_custom_logo_tablet_max_height":0,"ocean_custom_logo_mobile_max_height":0,"ocean_header_custom_menu":"","ocean_menu_typo_font_family":"","ocean_menu_typo_font_subset":"","ocean_menu_typo_font_size":0,"ocean_menu_typo_font_size_tablet":0,"ocean_menu_typo_font_size_mobile":0,"ocean_menu_typo_font_size_unit":"px","ocean_menu_typo_font_weight":"","ocean_menu_typo_font_weight_tablet":"","ocean_menu_typo_font_weight_mobile":"","ocean_menu_typo_transform":"","ocean_menu_typo_transform_tablet":"","ocean_menu_typo_transform_mobile":"","ocean_menu_typo_line_height":0,"ocean_menu_typo_line_height_tablet":0,"ocean_menu_typo_line_height_mobile":0,"ocean_menu_typo_line_height_unit":"","ocean_menu_typo_spacing":0,"ocean_menu_typo_spacing_tablet":0,"ocean_menu_typo_spacing_mobile":0,"ocean_menu_typo_spacing_unit":"","ocean_menu_link_color":"","ocean_menu_link_color_hover":"","ocean_menu_link_color_active":"","ocean_menu_link_background":"","ocean_menu_link_hover_background":"","ocean_menu_link_active_background":"","ocean_menu_social_links_bg":"","ocean_menu_social_hover_links_bg":"","ocean_menu_social_links_color":"","ocean_menu_social_hover_links_color":"","ocean_disable_title":"default","ocean_disable_heading":"default","ocean_post_title":"","ocean_post_subheading":"","ocean_post_title_style":"","ocean_post_title_background_color":"","ocean_post_title_background":0,"ocean_post_title_bg_image_position":"","ocean_post_title_bg_image_attachment":"","ocean_post_title_bg_image_repeat":"","ocean_post_title_bg_image_size":"","ocean_post_title_height":0,"ocean_post_title_bg_overlay":0.5,"ocean_post_title_bg_overlay_color":"","ocean_disable_breadcrumbs":"default","ocean_breadcrumbs_color":"","ocean_breadcrumbs_separator_color":"","ocean_breadcrumbs_links_color":"","ocean_breadcrumbs_links_hover_color":"","ocean_display_footer_widgets":"default","ocean_display_footer_bottom":"default","ocean_custom_footer_template":"","footnotes":""},"class_list":["post-209","page","type-page","status-publish","hentry","entry"],"yoast_head":"<!-- This site is optimized with the Yoast SEO plugin v25.9 - https:\/\/yoast.com\/wordpress\/plugins\/seo\/ -->\n<title>Emploi - L&#039;UNIVERS<\/title>\n<meta name=\"robots\" content=\"index, follow, max-snippet:-1, max-image-preview:large, max-video-preview:-1\" \/>\n<link rel=\"canonical\" href=\"https:\/\/univers-roubaix.fr\/index.php\/emploi\/\" \/>\n<meta property=\"og:locale\" content=\"en_US\" \/>\n<meta property=\"og:type\" content=\"article\" \/>\n<meta property=\"og:title\" content=\"Emploi - L&#039;UNIVERS\" \/>\n<meta property=\"og:description\" content=\"L\u2019association L\u2019Univers participe, au sein d\u2019un consortium d\u2019acteurs de l\u2019insertion port\u00e9 par la F\u00e9d\u00e9ration des Centres d\u2019Insertion, au dispositif R\u00e9seau Insertion Intensive (R2I). Cette action s\u2019inscrit dans la mise en \u0153uvre de la loi pour le plein emploi du 18 d\u00e9cembre 2023, qui vise \u00e0 renforcer l\u2019accompagnement des allocataires du RSA et \u00e0 favoriser leur [&hellip;]\" \/>\n<meta property=\"og:url\" content=\"https:\/\/univers-roubaix.fr\/index.php\/emploi\/\" \/>\n<meta property=\"og:site_name\" content=\"L&#039;UNIVERS\" \/>\n<meta property=\"article:modified_time\" content=\"2026-03-05T19:09:55+00:00\" \/>\n<meta property=\"og:image\" content=\"https:\/\/univers-roubaix.fr\/wp-content\/uploads\/2026\/03\/Noir-et-Blanc-Minimaliste-Immobilier-Professionnel-E-mail-Signature-5.png\" \/>\n\t<meta property=\"og:image:width\" content=\"400\" \/>\n\t<meta property=\"og:image:height\" content=\"200\" \/>\n\t<meta property=\"og:image:type\" content=\"image\/png\" \/>\n<meta name=\"twitter:card\" content=\"summary_large_image\" \/>\n<meta name=\"twitter:label1\" content=\"Est. reading time\" \/>\n\t<meta name=\"twitter:data1\" content=\"1 minute\" \/>\n<script type=\"application\/ld+json\" class=\"yoast-schema-graph\">{\"@context\":\"https:\/\/schema.org\",\"@graph\":[{\"@type\":\"WebPage\",\"@id\":\"https:\/\/univers-roubaix.fr\/index.php\/emploi\/\",\"url\":\"https:\/\/univers-roubaix.fr\/index.php\/emploi\/\",\"name\":\"Emploi - L&#039;UNIVERS\",\"isPartOf\":{\"@id\":\"https:\/\/univers-roubaix.fr\/#website\"},\"primaryImageOfPage\":{\"@id\":\"https:\/\/univers-roubaix.fr\/index.php\/emploi\/#primaryimage\"},\"image\":{\"@id\":\"https:\/\/univers-roubaix.fr\/index.php\/emploi\/#primaryimage\"},\"thumbnailUrl\":\"http:\/\/univers-roubaix.fr\/wp-content\/uploads\/2026\/03\/Noir-et-Blanc-Minimaliste-Immobilier-Professionnel-E-mail-Signature-5-300x150.png\",\"datePublished\":\"2024-12-16T13:29:51+00:00\",\"dateModified\":\"2026-03-05T19:09:55+00:00\",\"breadcrumb\":{\"@id\":\"https:\/\/univers-roubaix.fr\/index.php\/emploi\/#breadcrumb\"},\"inLanguage\":\"en-US\",\"potentialAction\":[{\"@type\":\"ReadAction\",\"target\":[\"https:\/\/univers-roubaix.fr\/index.php\/emploi\/\"]}]},{\"@type\":\"ImageObject\",\"inLanguage\":\"en-US\",\"@id\":\"https:\/\/univers-roubaix.fr\/index.php\/emploi\/#primaryimage\",\"url\":\"https:\/\/univers-roubaix.fr\/wp-content\/uploads\/2026\/03\/Noir-et-Blanc-Minimaliste-Immobilier-Professionnel-E-mail-Signature-5.png\",\"contentUrl\":\"https:\/\/univers-roubaix.fr\/wp-content\/uploads\/2026\/03\/Noir-et-Blanc-Minimaliste-Immobilier-Professionnel-E-mail-Signature-5.png\",\"width\":400,\"height\":200},{\"@type\":\"BreadcrumbList\",\"@id\":\"https:\/\/univers-roubaix.fr\/index.php\/emploi\/#breadcrumb\",\"itemListElement\":[{\"@type\":\"ListItem\",\"position\":1,\"name\":\"Accueil\",\"item\":\"https:\/\/univers-roubaix.fr\/\"},{\"@type\":\"ListItem\",\"position\":2,\"name\":\"Emploi\"}]},{\"@type\":\"WebSite\",\"@id\":\"https:\/\/univers-roubaix.fr\/#website\",\"url\":\"https:\/\/univers-roubaix.fr\/\",\"name\":\"L&#039;UNIVERS\",\"description\":\"La cantine du c\u0153ur \",\"potentialAction\":[{\"@type\":\"SearchAction\",\"target\":{\"@type\":\"EntryPoint\",\"urlTemplate\":\"https:\/\/univers-roubaix.fr\/?s={search_term_string}\"},\"query-input\":{\"@type\":\"PropertyValueSpecification\",\"valueRequired\":true,\"valueName\":\"search_term_string\"}}],\"inLanguage\":\"en-US\"}]}<\/script>\n<!-- \/ Yoast SEO plugin. -->","yoast_head_json":{"title":"Emploi - L&#039;UNIVERS","robots":{"index":"index","follow":"follow","max-snippet":"max-snippet:-1","max-image-preview":"max-image-preview:large","max-video-preview":"max-video-preview:-1"},"canonical":"https:\/\/univers-roubaix.fr\/index.php\/emploi\/","og_locale":"en_US","og_type":"article","og_title":"Emploi - L&#039;UNIVERS","og_description":"L\u2019association L\u2019Univers participe, au sein d\u2019un consortium d\u2019acteurs de l\u2019insertion port\u00e9 par la F\u00e9d\u00e9ration des Centres d\u2019Insertion, au dispositif R\u00e9seau Insertion Intensive (R2I). Cette action s\u2019inscrit dans la mise en \u0153uvre de la loi pour le plein emploi du 18 d\u00e9cembre 2023, qui vise \u00e0 renforcer l\u2019accompagnement des allocataires du RSA et \u00e0 favoriser leur [&hellip;]","og_url":"https:\/\/univers-roubaix.fr\/index.php\/emploi\/","og_site_name":"L&#039;UNIVERS","article_modified_time":"2026-03-05T19:09:55+00:00","og_image":[{"width":400,"height":200,"url":"https:\/\/univers-roubaix.fr\/wp-content\/uploads\/2026\/03\/Noir-et-Blanc-Minimaliste-Immobilier-Professionnel-E-mail-Signature-5.png","type":"image\/png"}],"twitter_card":"summary_large_image","twitter_misc":{"Est. reading time":"1 minute"},"schema":{"@context":"https:\/\/schema.org","@graph":[{"@type":"WebPage","@id":"https:\/\/univers-roubaix.fr\/index.php\/emploi\/","url":"https:\/\/univers-roubaix.fr\/index.php\/emploi\/","name":"Emploi - L&#039;UNIVERS","isPartOf":{"@id":"https:\/\/univers-roubaix.fr\/#website"},"primaryImageOfPage":{"@id":"https:\/\/univers-roubaix.fr\/index.php\/emploi\/#primaryimage"},"image":{"@id":"https:\/\/univers-roubaix.fr\/index.php\/emploi\/#primaryimage"},"thumbnailUrl":"http:\/\/univers-roubaix.fr\/wp-content\/uploads\/2026\/03\/Noir-et-Blanc-Minimaliste-Immobilier-Professionnel-E-mail-Signature-5-300x150.png","datePublished":"2024-12-16T13:29:51+00:00","dateModified":"2026-03-05T19:09:55+00:00","breadcrumb":{"@id":"https:\/\/univers-roubaix.fr\/index.php\/emploi\/#breadcrumb"},"inLanguage":"en-US","potentialAction":[{"@type":"ReadAction","target":["https:\/\/univers-roubaix.fr\/index.php\/emploi\/"]}]},{"@type":"ImageObject","inLanguage":"en-US","@id":"https:\/\/univers-roubaix.fr\/index.php\/emploi\/#primaryimage","url":"https:\/\/univers-roubaix.fr\/wp-content\/uploads\/2026\/03\/Noir-et-Blanc-Minimaliste-Immobilier-Professionnel-E-mail-Signature-5.png","contentUrl":"https:\/\/univers-roubaix.fr\/wp-content\/uploads\/2026\/03\/Noir-et-Blanc-Minimaliste-Immobilier-Professionnel-E-mail-Signature-5.png","width":400,"height":200},{"@type":"BreadcrumbList","@id":"https:\/\/univers-roubaix.fr\/index.php\/emploi\/#breadcrumb","itemListElement":[{"@type":"ListItem","position":1,"name":"Accueil","item":"https:\/\/univers-roubaix.fr\/"},{"@type":"ListItem","position":2,"name":"Emploi"}]},{"@type":"WebSite","@id":"https:\/\/univers-roubaix.fr\/#website","url":"https:\/\/univers-roubaix.fr\/","name":"L&#039;UNIVERS","description":"La cantine du c\u0153ur ","potentialAction":[{"@type":"SearchAction","target":{"@type":"EntryPoint","urlTemplate":"https:\/\/univers-roubaix.fr\/?s={search_term_string}"},"query-input":{"@type":"PropertyValueSpecification","valueRequired":true,"valueName":"search_term_string"}}],"inLanguage":"en-US"}]}},"_links":{"self":[{"href":"https:\/\/univers-roubaix.fr\/index.php\/wp-json\/wp\/v2\/pages\/209","targetHints":{"allow":["GET"]}}],"collection":[{"href":"https:\/\/univers-roubaix.fr\/index.php\/wp-json\/wp\/v2\/pages"}],"about":[{"href":"https:\/\/univers-roubaix.fr\/index.php\/wp-json\/wp\/v2\/types\/page"}],"author":[{"embeddable":true,"href":"https:\/\/univers-roubaix.fr\/index.php\/wp-json\/wp\/v2\/users\/1"}],"replies":[{"embeddable":true,"href":"https:\/\/univers-roubaix.fr\/index.php\/wp-json\/wp\/v2\/comments?post=209"}],"version-history":[{"count":4,"href":"https:\/\/univers-roubaix.fr\/index.php\/wp-json\/wp\/v2\/pages\/209\/revisions"}],"predecessor-version":[{"id":333,"href":"https:\/\/univers-roubaix.fr\/index.php\/wp-json\/wp\/v2\/pages\/209\/revisions\/333"}],"wp:attachment":[{"href":"https:\/\/univers-roubaix.fr\/index.php\/wp-json\/wp\/v2\/media?parent=209"}],"curies":[{"name":"wp","href":"https:\/\/api.w.org\/{rel}","templated":true}]}}