{"id":211,"date":"2024-12-16T14:30:24","date_gmt":"2024-12-16T13:30:24","guid":{"rendered":"https:\/\/univers-roubaix.fr\/?page_id=211"},"modified":"2024-12-19T19:31:59","modified_gmt":"2024-12-19T18:31:59","slug":"benevolat","status":"publish","type":"page","link":"https:\/\/univers-roubaix.fr\/index.php\/benevolat\/","title":{"rendered":"B\u00e9n\u00e9volat"},"content":{"rendered":"\t\t<div data-elementor-type=\"wp-page\" data-elementor-id=\"211\" class=\"elementor elementor-211\">\n\t\t\t\t<div class=\"elementor-element elementor-element-undefined-6e63bca e-flex e-con-boxed e-con e-parent\" data-id=\"undefined-6e63bca\" data-element_type=\"container\">\n\t\t\t\t\t<div class=\"e-con-inner\">\n\t\t\t\t<div class=\"elementor-element elementor-element-undefined-c70616f elementor-widget elementor-widget-heading\" data-id=\"undefined-c70616f\" data-element_type=\"widget\" data-widget_type=\"heading.default\">\n\t\t\t\t<div class=\"elementor-widget-container\">\n\t\t\t\t\t<h2 class=\"elementor-heading-title elementor-size-default\">Nos volontaires<\/h2>\t\t\t\t<\/div>\n\t\t\t\t<\/div>\n\t\t\t\t\t<\/div>\n\t\t\t\t<\/div>\n\t\t<div class=\"elementor-element elementor-element-610ff67 e-flex e-con-boxed e-con e-parent\" data-id=\"610ff67\" data-element_type=\"container\">\n\t\t\t\t\t<div class=\"e-con-inner\">\n\t\t<div class=\"elementor-element elementor-element-84de95e e-con-full e-flex e-con e-child\" data-id=\"84de95e\" data-element_type=\"container\">\n\t\t\t\t<div class=\"elementor-element elementor-element-3f04a80 elementor-invisible elementor-widget elementor-widget-image\" data-id=\"3f04a80\" data-element_type=\"widget\" data-settings=\"{&quot;_animation&quot;:&quot;wobble&quot;}\" data-widget_type=\"image.default\">\n\t\t\t\t<div class=\"elementor-widget-container\">\n\t\t\t\t\t\t\t\t\t\t\t\t\t\t\t<img fetchpriority=\"high\" decoding=\"async\" width=\"1024\" height=\"566\" src=\"https:\/\/univers-roubaix.fr\/wp-content\/uploads\/2024\/12\/2222-1024x566.jpg\" class=\"elementor-animation-grow attachment-large size-large wp-image-301\" alt=\"\" srcset=\"https:\/\/univers-roubaix.fr\/wp-content\/uploads\/2024\/12\/2222-1024x566.jpg 1024w, https:\/\/univers-roubaix.fr\/wp-content\/uploads\/2024\/12\/2222-300x166.jpg 300w, https:\/\/univers-roubaix.fr\/wp-content\/uploads\/2024\/12\/2222-768x424.jpg 768w, https:\/\/univers-roubaix.fr\/wp-content\/uploads\/2024\/12\/2222-1536x849.jpg 1536w, https:\/\/univers-roubaix.fr\/wp-content\/uploads\/2024\/12\/2222-2048x1132.jpg 2048w\" sizes=\"(max-width: 1024px) 100vw, 1024px\" \/>\t\t\t\t\t\t\t\t\t\t\t\t\t\t\t<\/div>\n\t\t\t\t<\/div>\n\t\t\t\t<div class=\"elementor-element elementor-element-c4f82c8 elementor-invisible elementor-widget elementor-widget-heading\" data-id=\"c4f82c8\" data-element_type=\"widget\" data-settings=\"{&quot;_animation&quot;:&quot;slideInDown&quot;}\" data-widget_type=\"heading.default\">\n\t\t\t\t<div class=\"elementor-widget-container\">\n\t\t\t\t\t<h2 class=\"elementor-heading-title elementor-size-default\">Rejoignez notre \u00e9quipe de b\u00e9n\u00e9voles !<\/h2>\t\t\t\t<\/div>\n\t\t\t\t<\/div>\n\t\t\t\t<\/div>\n\t\t\t\t<div class=\"elementor-element elementor-element-ded9093 elementor-widget elementor-widget-text-editor\" data-id=\"ded9093\" data-element_type=\"widget\" data-widget_type=\"text-editor.default\">\n\t\t\t\t<div class=\"elementor-widget-container\">\n\t\t\t\t\t\t\t\t\t<p>Essentiels au fonctionnement de ce lieu d&#8217;\u00e9ducation populaire, les b\u00e9n\u00e9voles se mobilisent quotidiennement pour faire vivre l&#8217;association.<\/p><p>Qu&#8217;il s&#8217;agisse de pr\u00e9parer les repas, de les servir, de nettoyer ou d&#8217;animer des ateliers, leur engagement est au c\u0153ur de chaque action.<\/p><p>De l&#8217;\u00e9laboration des repas, au service, en passant par le nettoyage ou l&#8217;animation d&#8217;ateliers, les b\u00e9n\u00e9voles sont pr\u00e9sents.<\/p><p>\u00catre b\u00e9n\u00e9vole \u00e0 L&#8217;Univers, c&#8217;est participer \u00e0 une belle aventure humaine. Vous contribuerez \u00e0 offrir des repas, \u00e0 ceux qui en ont besoin, cr\u00e9er des liens, et partager des moments uniques dans un cadre bienveillant et solidaire.\u00a0<\/p>\t\t\t\t\t\t\t\t<\/div>\n\t\t\t\t<\/div>\n\t\t\t\t\t<\/div>\n\t\t\t\t<\/div>\n\t\t<div class=\"elementor-element elementor-element-9d8efa4 e-flex e-con-boxed e-con e-parent\" data-id=\"9d8efa4\" data-element_type=\"container\">\n\t\t\t\t\t<div class=\"e-con-inner\">\n\t\t<div class=\"elementor-element elementor-element-4b6454b e-con-full e-flex e-con e-child\" data-id=\"4b6454b\" data-element_type=\"container\">\n\t\t\t\t<div class=\"elementor-element elementor-element-9cfba5d elementor-widget elementor-widget-text-editor\" data-id=\"9cfba5d\" data-element_type=\"widget\" data-widget_type=\"text-editor.default\">\n\t\t\t\t<div class=\"elementor-widget-container\">\n\t\t\t\t\t\t\t\t\t<p style=\"text-align: right;\">Pour plus d&#8217;informations, cliquez sur le bouton &#8220;devenir b\u00e9n\u00e9vole&#8221;.\u00a0\u00a0<\/p>\t\t\t\t\t\t\t\t<\/div>\n\t\t\t\t<\/div>\n\t\t\t\t<\/div>\n\t\t<div class=\"elementor-element elementor-element-2da6f5f e-con-full e-flex e-con e-child\" data-id=\"2da6f5f\" data-element_type=\"container\">\n\t\t\t\t<div class=\"elementor-element elementor-element-4cbcb9b elementor-align-center elementor-widget elementor-widget-button\" data-id=\"4cbcb9b\" data-element_type=\"widget\" data-widget_type=\"button.default\">\n\t\t\t\t<div class=\"elementor-widget-container\">\n\t\t\t\t\t\t\t\t\t<div class=\"elementor-button-wrapper\">\n\t\t\t\t\t<a class=\"elementor-button elementor-button-link elementor-size-sm elementor-animation-grow\" href=\"https:\/\/univers-roubaix.fr\/index.php\/formulaire-contact\/\">\n\t\t\t\t\t\t<span class=\"elementor-button-content-wrapper\">\n\t\t\t\t\t\t\t\t\t<span class=\"elementor-button-text\">Devenir b\u00e9n\u00e9vole<\/span>\n\t\t\t\t\t<\/span>\n\t\t\t\t\t<\/a>\n\t\t\t\t<\/div>\n\t\t\t\t\t\t\t\t<\/div>\n\t\t\t\t<\/div>\n\t\t\t\t<\/div>\n\t\t\t\t\t<\/div>\n\t\t\t\t<\/div>\n\t\t\t\t<\/div>\n\t\t","protected":false},"excerpt":{"rendered":"<p>Nos volontaires Rejoignez notre \u00e9quipe de b\u00e9n\u00e9voles ! Essentiels au fonctionnement de ce lieu d&#8217;\u00e9ducation populaire, les b\u00e9n\u00e9voles se mobilisent quotidiennement pour faire vivre l&#8217;association. Qu&#8217;il s&#8217;agisse de pr\u00e9parer les repas, de les servir, de nettoyer ou d&#8217;animer des ateliers, leur engagement est au c\u0153ur de chaque action. De l&#8217;\u00e9laboration des repas, au service, en [&hellip;]<\/p>\n","protected":false},"author":1,"featured_media":0,"parent":0,"menu_order":0,"comment_status":"closed","ping_status":"closed","template":"","meta":{"ocean_post_layout":"","ocean_both_sidebars_style":"","ocean_both_sidebars_content_width":0,"ocean_both_sidebars_sidebars_width":0,"ocean_sidebar":"","ocean_second_sidebar":"","ocean_disable_margins":"enable","ocean_add_body_class":"","ocean_shortcode_before_top_bar":"","ocean_shortcode_after_top_bar":"","ocean_shortcode_before_header":"","ocean_shortcode_after_header":"","ocean_has_shortcode":"","ocean_shortcode_after_title":"","ocean_shortcode_before_footer_widgets":"","ocean_shortcode_after_footer_widgets":"","ocean_shortcode_before_footer_bottom":"","ocean_shortcode_after_footer_bottom":"","ocean_display_top_bar":"default","ocean_display_header":"default","ocean_header_style":"","ocean_center_header_left_menu":"","ocean_custom_header_template":"","ocean_custom_logo":0,"ocean_custom_retina_logo":0,"ocean_custom_logo_max_width":0,"ocean_custom_logo_tablet_max_width":0,"ocean_custom_logo_mobile_max_width":0,"ocean_custom_logo_max_height":0,"ocean_custom_logo_tablet_max_height":0,"ocean_custom_logo_mobile_max_height":0,"ocean_header_custom_menu":"","ocean_menu_typo_font_family":"","ocean_menu_typo_font_subset":"","ocean_menu_typo_font_size":0,"ocean_menu_typo_font_size_tablet":0,"ocean_menu_typo_font_size_mobile":0,"ocean_menu_typo_font_size_unit":"px","ocean_menu_typo_font_weight":"","ocean_menu_typo_font_weight_tablet":"","ocean_menu_typo_font_weight_mobile":"","ocean_menu_typo_transform":"","ocean_menu_typo_transform_tablet":"","ocean_menu_typo_transform_mobile":"","ocean_menu_typo_line_height":0,"ocean_menu_typo_line_height_tablet":0,"ocean_menu_typo_line_height_mobile":0,"ocean_menu_typo_line_height_unit":"","ocean_menu_typo_spacing":0,"ocean_menu_typo_spacing_tablet":0,"ocean_menu_typo_spacing_mobile":0,"ocean_menu_typo_spacing_unit":"","ocean_menu_link_color":"","ocean_menu_link_color_hover":"","ocean_menu_link_color_active":"","ocean_menu_link_background":"","ocean_menu_link_hover_background":"","ocean_menu_link_active_background":"","ocean_menu_social_links_bg":"","ocean_menu_social_hover_links_bg":"","ocean_menu_social_links_color":"","ocean_menu_social_hover_links_color":"","ocean_disable_title":"default","ocean_disable_heading":"default","ocean_post_title":"","ocean_post_subheading":"","ocean_post_title_style":"","ocean_post_title_background_color":"","ocean_post_title_background":0,"ocean_post_title_bg_image_position":"","ocean_post_title_bg_image_attachment":"","ocean_post_title_bg_image_repeat":"","ocean_post_title_bg_image_size":"","ocean_post_title_height":0,"ocean_post_title_bg_overlay":0.5,"ocean_post_title_bg_overlay_color":"","ocean_disable_breadcrumbs":"default","ocean_breadcrumbs_color":"","ocean_breadcrumbs_separator_color":"","ocean_breadcrumbs_links_color":"","ocean_breadcrumbs_links_hover_color":"","ocean_display_footer_widgets":"default","ocean_display_footer_bottom":"default","ocean_custom_footer_template":"","footnotes":""},"class_list":["post-211","page","type-page","status-publish","hentry","entry"],"yoast_head":"<!-- This site is optimized with the Yoast SEO plugin v25.9 - https:\/\/yoast.com\/wordpress\/plugins\/seo\/ -->\n<title>B\u00e9n\u00e9volat - L&#039;UNIVERS<\/title>\n<meta name=\"robots\" content=\"index, follow, max-snippet:-1, max-image-preview:large, max-video-preview:-1\" \/>\n<link rel=\"canonical\" href=\"https:\/\/univers-roubaix.fr\/index.php\/benevolat\/\" \/>\n<meta property=\"og:locale\" content=\"en_US\" \/>\n<meta property=\"og:type\" content=\"article\" \/>\n<meta property=\"og:title\" content=\"B\u00e9n\u00e9volat - L&#039;UNIVERS\" \/>\n<meta property=\"og:description\" content=\"Nos volontaires Rejoignez notre \u00e9quipe de b\u00e9n\u00e9voles ! Essentiels au fonctionnement de ce lieu d&#8217;\u00e9ducation populaire, les b\u00e9n\u00e9voles se mobilisent quotidiennement pour faire vivre l&#8217;association. Qu&#8217;il s&#8217;agisse de pr\u00e9parer les repas, de les servir, de nettoyer ou d&#8217;animer des ateliers, leur engagement est au c\u0153ur de chaque action. De l&#8217;\u00e9laboration des repas, au service, en [&hellip;]\" \/>\n<meta property=\"og:url\" content=\"https:\/\/univers-roubaix.fr\/index.php\/benevolat\/\" \/>\n<meta property=\"og:site_name\" content=\"L&#039;UNIVERS\" \/>\n<meta property=\"article:modified_time\" content=\"2024-12-19T18:31:59+00:00\" \/>\n<meta property=\"og:image\" content=\"https:\/\/univers-roubaix.fr\/wp-content\/uploads\/2024\/12\/2222-scaled.jpg\" \/>\n\t<meta property=\"og:image:width\" content=\"2560\" \/>\n\t<meta property=\"og:image:height\" content=\"1415\" \/>\n\t<meta property=\"og:image:type\" content=\"image\/jpeg\" \/>\n<meta name=\"twitter:card\" content=\"summary_large_image\" \/>\n<meta name=\"twitter:label1\" content=\"Est. reading time\" \/>\n\t<meta name=\"twitter:data1\" content=\"1 minute\" \/>\n<script type=\"application\/ld+json\" class=\"yoast-schema-graph\">{\"@context\":\"https:\/\/schema.org\",\"@graph\":[{\"@type\":\"WebPage\",\"@id\":\"https:\/\/univers-roubaix.fr\/index.php\/benevolat\/\",\"url\":\"https:\/\/univers-roubaix.fr\/index.php\/benevolat\/\",\"name\":\"B\u00e9n\u00e9volat - L&#039;UNIVERS\",\"isPartOf\":{\"@id\":\"https:\/\/univers-roubaix.fr\/#website\"},\"primaryImageOfPage\":{\"@id\":\"https:\/\/univers-roubaix.fr\/index.php\/benevolat\/#primaryimage\"},\"image\":{\"@id\":\"https:\/\/univers-roubaix.fr\/index.php\/benevolat\/#primaryimage\"},\"thumbnailUrl\":\"http:\/\/univers-roubaix.fr\/wp-content\/uploads\/2024\/12\/2222-1024x566.jpg\",\"datePublished\":\"2024-12-16T13:30:24+00:00\",\"dateModified\":\"2024-12-19T18:31:59+00:00\",\"breadcrumb\":{\"@id\":\"https:\/\/univers-roubaix.fr\/index.php\/benevolat\/#breadcrumb\"},\"inLanguage\":\"en-US\",\"potentialAction\":[{\"@type\":\"ReadAction\",\"target\":[\"https:\/\/univers-roubaix.fr\/index.php\/benevolat\/\"]}]},{\"@type\":\"ImageObject\",\"inLanguage\":\"en-US\",\"@id\":\"https:\/\/univers-roubaix.fr\/index.php\/benevolat\/#primaryimage\",\"url\":\"https:\/\/univers-roubaix.fr\/wp-content\/uploads\/2024\/12\/2222-scaled.jpg\",\"contentUrl\":\"https:\/\/univers-roubaix.fr\/wp-content\/uploads\/2024\/12\/2222-scaled.jpg\",\"width\":2560,\"height\":1415},{\"@type\":\"BreadcrumbList\",\"@id\":\"https:\/\/univers-roubaix.fr\/index.php\/benevolat\/#breadcrumb\",\"itemListElement\":[{\"@type\":\"ListItem\",\"position\":1,\"name\":\"Accueil\",\"item\":\"https:\/\/univers-roubaix.fr\/\"},{\"@type\":\"ListItem\",\"position\":2,\"name\":\"B\u00e9n\u00e9volat\"}]},{\"@type\":\"WebSite\",\"@id\":\"https:\/\/univers-roubaix.fr\/#website\",\"url\":\"https:\/\/univers-roubaix.fr\/\",\"name\":\"L&#039;UNIVERS\",\"description\":\"La cantine du c\u0153ur \",\"potentialAction\":[{\"@type\":\"SearchAction\",\"target\":{\"@type\":\"EntryPoint\",\"urlTemplate\":\"https:\/\/univers-roubaix.fr\/?s={search_term_string}\"},\"query-input\":{\"@type\":\"PropertyValueSpecification\",\"valueRequired\":true,\"valueName\":\"search_term_string\"}}],\"inLanguage\":\"en-US\"}]}<\/script>\n<!-- \/ Yoast SEO plugin. -->","yoast_head_json":{"title":"B\u00e9n\u00e9volat - L&#039;UNIVERS","robots":{"index":"index","follow":"follow","max-snippet":"max-snippet:-1","max-image-preview":"max-image-preview:large","max-video-preview":"max-video-preview:-1"},"canonical":"https:\/\/univers-roubaix.fr\/index.php\/benevolat\/","og_locale":"en_US","og_type":"article","og_title":"B\u00e9n\u00e9volat - L&#039;UNIVERS","og_description":"Nos volontaires Rejoignez notre \u00e9quipe de b\u00e9n\u00e9voles ! Essentiels au fonctionnement de ce lieu d&#8217;\u00e9ducation populaire, les b\u00e9n\u00e9voles se mobilisent quotidiennement pour faire vivre l&#8217;association. Qu&#8217;il s&#8217;agisse de pr\u00e9parer les repas, de les servir, de nettoyer ou d&#8217;animer des ateliers, leur engagement est au c\u0153ur de chaque action. De l&#8217;\u00e9laboration des repas, au service, en [&hellip;]","og_url":"https:\/\/univers-roubaix.fr\/index.php\/benevolat\/","og_site_name":"L&#039;UNIVERS","article_modified_time":"2024-12-19T18:31:59+00:00","og_image":[{"width":2560,"height":1415,"url":"https:\/\/univers-roubaix.fr\/wp-content\/uploads\/2024\/12\/2222-scaled.jpg","type":"image\/jpeg"}],"twitter_card":"summary_large_image","twitter_misc":{"Est. reading time":"1 minute"},"schema":{"@context":"https:\/\/schema.org","@graph":[{"@type":"WebPage","@id":"https:\/\/univers-roubaix.fr\/index.php\/benevolat\/","url":"https:\/\/univers-roubaix.fr\/index.php\/benevolat\/","name":"B\u00e9n\u00e9volat - L&#039;UNIVERS","isPartOf":{"@id":"https:\/\/univers-roubaix.fr\/#website"},"primaryImageOfPage":{"@id":"https:\/\/univers-roubaix.fr\/index.php\/benevolat\/#primaryimage"},"image":{"@id":"https:\/\/univers-roubaix.fr\/index.php\/benevolat\/#primaryimage"},"thumbnailUrl":"http:\/\/univers-roubaix.fr\/wp-content\/uploads\/2024\/12\/2222-1024x566.jpg","datePublished":"2024-12-16T13:30:24+00:00","dateModified":"2024-12-19T18:31:59+00:00","breadcrumb":{"@id":"https:\/\/univers-roubaix.fr\/index.php\/benevolat\/#breadcrumb"},"inLanguage":"en-US","potentialAction":[{"@type":"ReadAction","target":["https:\/\/univers-roubaix.fr\/index.php\/benevolat\/"]}]},{"@type":"ImageObject","inLanguage":"en-US","@id":"https:\/\/univers-roubaix.fr\/index.php\/benevolat\/#primaryimage","url":"https:\/\/univers-roubaix.fr\/wp-content\/uploads\/2024\/12\/2222-scaled.jpg","contentUrl":"https:\/\/univers-roubaix.fr\/wp-content\/uploads\/2024\/12\/2222-scaled.jpg","width":2560,"height":1415},{"@type":"BreadcrumbList","@id":"https:\/\/univers-roubaix.fr\/index.php\/benevolat\/#breadcrumb","itemListElement":[{"@type":"ListItem","position":1,"name":"Accueil","item":"https:\/\/univers-roubaix.fr\/"},{"@type":"ListItem","position":2,"name":"B\u00e9n\u00e9volat"}]},{"@type":"WebSite","@id":"https:\/\/univers-roubaix.fr\/#website","url":"https:\/\/univers-roubaix.fr\/","name":"L&#039;UNIVERS","description":"La cantine du c\u0153ur ","potentialAction":[{"@type":"SearchAction","target":{"@type":"EntryPoint","urlTemplate":"https:\/\/univers-roubaix.fr\/?s={search_term_string}"},"query-input":{"@type":"PropertyValueSpecification","valueRequired":true,"valueName":"search_term_string"}}],"inLanguage":"en-US"}]}},"_links":{"self":[{"href":"https:\/\/univers-roubaix.fr\/index.php\/wp-json\/wp\/v2\/pages\/211","targetHints":{"allow":["GET"]}}],"collection":[{"href":"https:\/\/univers-roubaix.fr\/index.php\/wp-json\/wp\/v2\/pages"}],"about":[{"href":"https:\/\/univers-roubaix.fr\/index.php\/wp-json\/wp\/v2\/types\/page"}],"author":[{"embeddable":true,"href":"https:\/\/univers-roubaix.fr\/index.php\/wp-json\/wp\/v2\/users\/1"}],"replies":[{"embeddable":true,"href":"https:\/\/univers-roubaix.fr\/index.php\/wp-json\/wp\/v2\/comments?post=211"}],"version-history":[{"count":10,"href":"https:\/\/univers-roubaix.fr\/index.php\/wp-json\/wp\/v2\/pages\/211\/revisions"}],"predecessor-version":[{"id":319,"href":"https:\/\/univers-roubaix.fr\/index.php\/wp-json\/wp\/v2\/pages\/211\/revisions\/319"}],"wp:attachment":[{"href":"https:\/\/univers-roubaix.fr\/index.php\/wp-json\/wp\/v2\/media?parent=211"}],"curies":[{"name":"wp","href":"https:\/\/api.w.org\/{rel}","templated":true}]}}